{"id":61,"date":"2023-04-29T14:08:27","date_gmt":"2023-04-29T11:08:27","guid":{"rendered":"https:\/\/maytexkece.com\/?page_id=61"},"modified":"2026-04-06T12:56:34","modified_gmt":"2026-04-06T09:56:34","slug":"iletisim","status":"publish","type":"page","link":"https:\/\/maytexkece.com\/index.php\/iletisim\/","title":{"rendered":"\u0130leti\u015fim"},"content":{"rendered":"<h3><\/h3>\n<h3 style=\"text-align: center;\"><\/h3>\n<h3><\/h3>\n<p><iframe loading=\"lazy\" style=\"border: 0;\" src=\"https:\/\/www.google.com\/maps\/embed?pb=!1m18!1m12!1m3!1d389.35255600485135!2d29.204842403204637!3d38.67599432958131!2m3!1f0!2f0!3f0!3m2!1i1024!2i768!4f13.1!3m3!1m2!1s0x14c7d848a123334d%3A0xf4c03e225ccdd1fa!2sTepe%20Damlar%C4%B1%2C%20102.%20Cd.%20No%3A89%2C%2064000%20Tekstil%20Osb%2FU%C5%9Fak%20Merkez%2FU%C5%9Fak!5e0!3m2!1str!2str!4v1682766476875!5m2!1str!2str\" width=\"1200\" height=\"600\" allowfullscreen=\"allowfullscreen\"><\/iframe><\/p>\n<h3 style=\"text-align: center;\"><strong><span style=\"color: #000000;\">\u0130leti\u015fim mail : info@maytexkece.com<\/span><\/strong><\/h3>\n<h3 style=\"text-align: center;\"><strong><span style=\"color: #000000;\">telefon :\u00a0 \u00a0 \u00a0<\/span><span class=\"sintp\">0 507 928 04 60<\/span>\u00a0 \u00a0 \u00a0&amp;\u00a0 \u00a0<\/strong><span class=\"suptp\"><strong> 0 541 646 43 55<\/strong> <\/span><\/h3>\n<div class=\"center\" style=\"text-align: center;\">\n<div class=\"clear\"><\/div>\n<\/div>\n<h3 style=\"text-align: center;\"><strong><span style=\"color: #000000;\">Adres : U\u015fak Organize Sanayi B\u00f6lgesi 102. cadde No : 89 U\u015fak \/ Turkiye<\/span><\/strong><\/h3>\n<h3 style=\"text-align: center;\"><\/h3>\n","protected":false},"excerpt":{"rendered":"<p>\u0130leti\u015fim mail : info@maytexkece.com telefon :\u00a0 \u00a0 \u00a00 507 928 04 60\u00a0 \u00a0 \u00a0&amp;\u00a0 \u00a0 0 541 646 43 55 Adres : U\u015fak Organize Sanayi B\u00f6lgesi 102. cadde No : 89 U\u015fak \/ Turkiye<\/p>\n","protected":false},"author":1,"featured_media":0,"parent":0,"menu_order":0,"comment_status":"closed","ping_status":"closed","template":"templates\/page-fullwidth_template.php","meta":{"footnotes":""},"class_list":["post-61","page","type-page","status-publish","hentry"],"jetpack_sharing_enabled":true,"_links":{"self":[{"href":"https:\/\/maytexkece.com\/index.php\/wp-json\/wp\/v2\/pages\/61","targetHints":{"allow":["GET"]}}],"collection":[{"href":"https:\/\/maytexkece.com\/index.php\/wp-json\/wp\/v2\/pages"}],"about":[{"href":"https:\/\/maytexkece.com\/index.php\/wp-json\/wp\/v2\/types\/page"}],"author":[{"embeddable":true,"href":"https:\/\/maytexkece.com\/index.php\/wp-json\/wp\/v2\/users\/1"}],"replies":[{"embeddable":true,"href":"https:\/\/maytexkece.com\/index.php\/wp-json\/wp\/v2\/comments?post=61"}],"version-history":[{"count":5,"href":"https:\/\/maytexkece.com\/index.php\/wp-json\/wp\/v2\/pages\/61\/revisions"}],"predecessor-version":[{"id":128,"href":"https:\/\/maytexkece.com\/index.php\/wp-json\/wp\/v2\/pages\/61\/revisions\/128"}],"wp:attachment":[{"href":"https:\/\/maytexkece.com\/index.php\/wp-json\/wp\/v2\/media?parent=61"}],"curies":[{"name":"wp","href":"https:\/\/api.w.org\/{rel}","templated":true}]}}