{"id":39,"date":"2023-04-29T13:06:59","date_gmt":"2023-04-29T10:06:59","guid":{"rendered":"https:\/\/maytexkece.com\/?page_id=39"},"modified":"2023-04-29T14:16:38","modified_gmt":"2023-04-29T11:16:38","slug":"hakkimizda","status":"publish","type":"page","link":"https:\/\/maytexkece.com\/index.php\/hakkimizda\/","title":{"rendered":"Hakk\u0131m\u0131zda"},"content":{"rendered":"<h3><\/h3>\n<h3>\u0130\u015fletmemiz\u00a0 1980 y\u0131l\u0131nda U\u015fak \u0130linde \u00a0kurulmu\u015f tur. \u0130lk Olarak Tekstil at\u0131klar\u0131n\u0131n geri d\u00f6n\u00fc\u015ft\u00fcr\u00fclmesi Elyaf ve Battaniye konusunda faaliyete ba\u015flam\u0131\u015f olup 2020 y\u0131l\u0131nda kurmu\u015f oldu\u011fumuz toplamda \u00a010.000m2 kapal\u0131 ke\u00e7e tesisimiz ile\u00a0 yakla\u015f\u0131k ayl\u0131k 200-300 ton \u0130n\u015faat , Hal\u0131 ve Mobilya ba\u015fta olmak \u00fczere farkl\u0131 sekt\u00f6rlere ke\u00e7e \u00fcretimi \u00a0yapmaktay\u0131z.<\/h3>\n<h3 style=\"text-align: center;\">***<\/h3>\n<h3><strong>Misyon;<\/strong><\/h3>\n<h3>Nonwoven sekt\u00f6r\u00fcnde, sa\u011flad\u0131\u011f\u0131m\u0131z\u00a0 g\u00fcvenilirlik ve \u00fcst\u00fcn kalite anlay\u0131\u015f\u0131ndan \u00f6d\u00fcn vermeden faaliyetler s\u00fcrd\u00fcrmeyi , Do\u011faya ve \u00e7evreye zarar vermeden y\u00fcksek standartlarda \u00fcr\u00fcn yapmay\u0131 , m\u00fc\u015fteri memnuniyetini art\u0131rmay\u0131 ve m\u00fc\u015fterilerimiz i\u00e7in g\u00fcvenilir partner olmay\u0131 de\u011fi\u015fmez bir misyon olarak belirlemi\u015ftir.<\/h3>\n<h3 style=\"text-align: center;\">***<\/h3>\n<h3><strong>Vizyon;<\/strong><\/h3>\n<h3>\u00c7a\u011fda\u015f, \u00a0Etik De\u011ferlere Ba\u011fl\u0131, G\u00fcvenilir,\u00a0\u0130nsana ve \u00c7evreye Duyarl\u0131 , sekt\u00f6r\u00fcn hak etti\u011fi kaliteyi en uygun fiyata haks\u0131z rekabete yol a\u00e7madan, zaman\u0131nda teslimat ve en \u00f6nemlisi geli\u015fmeye a\u00e7\u0131k geni\u015f bir bak\u0131\u015f a\u00e7\u0131s\u0131na sahip insana ve \u00e7evreye sayg\u0131l\u0131 bir i\u015fletme olmakt\u0131r.<\/h3>\n<h3 style=\"text-align: center;\">***<\/h3>\n<h3><strong>Kalite Politikam\u0131z ;<\/strong><\/h3>\n<h3>Kalite y\u00f6netim \u015fartlar\u0131na uymak, \u0130\u015f s\u00fcre\u00e7lerimizin etkinli\u011fini ve verimlili\u011fini s\u00fcrekli iyile\u015ftirmek, \u00c7al\u0131\u015fanlar\u0131m\u0131z\u0131n ve M\u00fc\u015fterilerimizin memnuniyetini sa\u011flamak,\u0130\u015fimizi do\u011fru yapmak, \u00dcr\u00fcn \u00e7e\u015fitlili\u011fini ve pazar pay\u0131n\u0131 artt\u0131rmak, Tedarik\u00e7ilerimiz ile i\u015fbirli\u011fini geli\u015ftirmek, \u00c7evreye kar\u015f\u0131 duyarl\u0131 olmak.<\/h3>\n<h3><\/h3>\n","protected":false},"excerpt":{"rendered":"<p>\u0130\u015fletmemiz\u00a0 1980 y\u0131l\u0131nda U\u015fak \u0130linde \u00a0kurulmu\u015f tur. \u0130lk Olarak Tekstil at\u0131klar\u0131n\u0131n geri d\u00f6n\u00fc\u015ft\u00fcr\u00fclmesi Elyaf ve Battaniye konusunda faaliyete ba\u015flam\u0131\u015f olup 2020 y\u0131l\u0131nda kurmu\u015f oldu\u011fumuz toplamda \u00a010.000m2 kapal\u0131 ke\u00e7e tesisimiz ile\u00a0 yakla\u015f\u0131k ayl\u0131k 200-300 ton \u0130n\u015faat , Hal\u0131 ve Mobilya ba\u015fta olmak \u00fczere farkl\u0131 sekt\u00f6rlere ke\u00e7e \u00fcretimi \u00a0yapmaktay\u0131z. *** Misyon; Nonwoven sekt\u00f6r\u00fcnde, sa\u011flad\u0131\u011f\u0131m\u0131z\u00a0 g\u00fcvenilirlik ve \u00fcst\u00fcn<br \/><a class=\"moretag\" href=\"https:\/\/maytexkece.com\/index.php\/hakkimizda\/\">+ Read More<\/a><\/p>\n","protected":false},"author":1,"featured_media":0,"parent":0,"menu_order":0,"comment_status":"closed","ping_status":"closed","template":"templates\/page-fullwidth_template.php","meta":{"footnotes":""},"class_list":["post-39","page","type-page","status-publish","hentry"],"jetpack_sharing_enabled":true,"_links":{"self":[{"href":"https:\/\/maytexkece.com\/index.php\/wp-json\/wp\/v2\/pages\/39","targetHints":{"allow":["GET"]}}],"collection":[{"href":"https:\/\/maytexkece.com\/index.php\/wp-json\/wp\/v2\/pages"}],"about":[{"href":"https:\/\/maytexkece.com\/index.php\/wp-json\/wp\/v2\/types\/page"}],"author":[{"embeddable":true,"href":"https:\/\/maytexkece.com\/index.php\/wp-json\/wp\/v2\/users\/1"}],"replies":[{"embeddable":true,"href":"https:\/\/maytexkece.com\/index.php\/wp-json\/wp\/v2\/comments?post=39"}],"version-history":[{"count":6,"href":"https:\/\/maytexkece.com\/index.php\/wp-json\/wp\/v2\/pages\/39\/revisions"}],"predecessor-version":[{"id":70,"href":"https:\/\/maytexkece.com\/index.php\/wp-json\/wp\/v2\/pages\/39\/revisions\/70"}],"wp:attachment":[{"href":"https:\/\/maytexkece.com\/index.php\/wp-json\/wp\/v2\/media?parent=39"}],"curies":[{"name":"wp","href":"https:\/\/api.w.org\/{rel}","templated":true}]}}