{"id":29,"date":"2023-04-29T12:57:21","date_gmt":"2023-04-29T09:57:21","guid":{"rendered":"https:\/\/maytexkece.com\/?page_id=29"},"modified":"2023-04-29T12:58:06","modified_gmt":"2023-04-29T09:58:06","slug":"polyester-geotekstil","status":"publish","type":"page","link":"https:\/\/maytexkece.com\/index.php\/polyester-geotekstil\/","title":{"rendered":"Polyester Geotekstil"},"content":{"rendered":"<p>Renkli olarak \u00fcretim yapabilfdi\u011fimiz ke\u00e7e \u00fcr\u00fcn\u00fcd\u00fcr.<\/p>\n","protected":false},"excerpt":{"rendered":"<p>Renkli olarak \u00fcretim yapabilfdi\u011fimiz ke\u00e7e \u00fcr\u00fcn\u00fcd\u00fcr.<\/p>\n","protected":false},"author":1,"featured_media":0,"parent":0,"menu_order":0,"comment_status":"closed","ping_status":"closed","template":"templates\/page-fullwidth_template.php","meta":{"footnotes":""},"class_list":["post-29","page","type-page","status-publish","hentry"],"jetpack_sharing_enabled":true,"_links":{"self":[{"href":"https:\/\/maytexkece.com\/index.php\/wp-json\/wp\/v2\/pages\/29","targetHints":{"allow":["GET"]}}],"collection":[{"href":"https:\/\/maytexkece.com\/index.php\/wp-json\/wp\/v2\/pages"}],"about":[{"href":"https:\/\/maytexkece.com\/index.php\/wp-json\/wp\/v2\/types\/page"}],"author":[{"embeddable":true,"href":"https:\/\/maytexkece.com\/index.php\/wp-json\/wp\/v2\/users\/1"}],"replies":[{"embeddable":true,"href":"https:\/\/maytexkece.com\/index.php\/wp-json\/wp\/v2\/comments?post=29"}],"version-history":[{"count":2,"href":"https:\/\/maytexkece.com\/index.php\/wp-json\/wp\/v2\/pages\/29\/revisions"}],"predecessor-version":[{"id":31,"href":"https:\/\/maytexkece.com\/index.php\/wp-json\/wp\/v2\/pages\/29\/revisions\/31"}],"wp:attachment":[{"href":"https:\/\/maytexkece.com\/index.php\/wp-json\/wp\/v2\/media?parent=29"}],"curies":[{"name":"wp","href":"https:\/\/api.w.org\/{rel}","templated":true}]}}