{"id":27,"date":"2023-04-29T12:56:47","date_gmt":"2023-04-29T09:56:47","guid":{"rendered":"https:\/\/maytexkece.com\/?page_id=27"},"modified":"2023-04-29T12:56:47","modified_gmt":"2023-04-29T09:56:47","slug":"polipropilen-geotekstil","status":"publish","type":"page","link":"https:\/\/maytexkece.com\/index.php\/polipropilen-geotekstil\/","title":{"rendered":"Polipropilen Geotekstil"},"content":{"rendered":"<p>Geri D\u00f6n\u00fc\u015f\u00fcmden elde edilen Polipropilen ke\u00e7edir.<\/p>\n","protected":false},"excerpt":{"rendered":"<p>Geri D\u00f6n\u00fc\u015f\u00fcmden elde edilen Polipropilen ke\u00e7edir.<\/p>\n","protected":false},"author":1,"featured_media":0,"parent":0,"menu_order":0,"comment_status":"closed","ping_status":"closed","template":"templates\/page-fullwidth_template.php","meta":{"footnotes":""},"class_list":["post-27","page","type-page","status-publish","hentry"],"jetpack_sharing_enabled":true,"_links":{"self":[{"href":"https:\/\/maytexkece.com\/index.php\/wp-json\/wp\/v2\/pages\/27","targetHints":{"allow":["GET"]}}],"collection":[{"href":"https:\/\/maytexkece.com\/index.php\/wp-json\/wp\/v2\/pages"}],"about":[{"href":"https:\/\/maytexkece.com\/index.php\/wp-json\/wp\/v2\/types\/page"}],"author":[{"embeddable":true,"href":"https:\/\/maytexkece.com\/index.php\/wp-json\/wp\/v2\/users\/1"}],"replies":[{"embeddable":true,"href":"https:\/\/maytexkece.com\/index.php\/wp-json\/wp\/v2\/comments?post=27"}],"version-history":[{"count":1,"href":"https:\/\/maytexkece.com\/index.php\/wp-json\/wp\/v2\/pages\/27\/revisions"}],"predecessor-version":[{"id":28,"href":"https:\/\/maytexkece.com\/index.php\/wp-json\/wp\/v2\/pages\/27\/revisions\/28"}],"wp:attachment":[{"href":"https:\/\/maytexkece.com\/index.php\/wp-json\/wp\/v2\/media?parent=27"}],"curies":[{"name":"wp","href":"https:\/\/api.w.org\/{rel}","templated":true}]}}